{"id":1393,"date":"2022-02-10T21:04:02","date_gmt":"2022-02-10T20:04:02","guid":{"rendered":"https:\/\/www.nanolytics.com\/ueber\/advisory-board\/"},"modified":"2024-01-30T15:00:30","modified_gmt":"2024-01-30T14:00:30","slug":"wissenschaftlicher-beirat","status":"publish","type":"page","link":"https:\/\/www.nanolytics.com\/de\/ueber\/wissenschaftlicher-beirat\/","title":{"rendered":"Beirat"},"content":{"rendered":"\n<p class=\"gb-headline gb-headline-15ae8a68 gb-headline-text\">Nanolytics sch\u00e4tzt sich gl\u00fccklich, einen wissenschaftlichen Beirat gegr\u00fcndet zu haben, dessen Mitglieder drei der f\u00fchrenden Experten auf dem Gebiet der Analytischen Ultrazentrifugation (AUZ) und ihrer verschiedenen Anwendungen sind.<\/p>\n\n\n\n<p class=\"gb-headline gb-headline-2d4b5432 gb-headline-text\">Ziel des Beirats ist es, den Stand der wissenschaftlichen und technologischen Entwicklungen in der Analytischen Ultrazentrifugation, die nach wie vor haupts\u00e4chlich von den Anwendern getragen werden, kritisch zu begleiten.<\/p>\n\n\n\n<p class=\"gb-headline gb-headline-e631014f gb-headline-text\">Dar\u00fcber beteiligt Nanolytics sich am <a href=\"https:\/\/www.ncbi.nlm.nih.gov\/pmc\/articles\/PMC2812709\/?tool=pubmed\" target=\"_blank\" rel=\"noreferrer noopener\">Open Analytical Ultracentrifugation Project<\/a>, dessen Ziel darin besteht, die F\u00e4higkeiten der Gemeinschaft effizient zu b\u00fcndeln und die AUZ-Hardware und -Software weiterzuentwickeln [1]. Die Open Analytical Ultracentrifugation Strategie erleichtert die Zusammenarbeit, f\u00f6rdert die gemeinsame Nutzung und beseitigt die chronischen Hindernisse, die in den letzten 20 Jahren Innovationen in der Analytischen Ultrazentrifugation behindert haben.<\/p>\n\n\n\n<p class=\"gb-headline gb-headline-9e411b6f gb-headline-text\">Dementsprechend wird durch die Implementierung des wissenschaftlichen Beirats die Expertise von Nanolytics gest\u00e4rkt, um das wissenschaftliche Potenzial der Analytischen Ultrazentrifugation optimal f\u00fcr die Bed\u00fcrfnisse der Kunden zu nutzen.<\/p>\n\n\n\n<p class=\"gb-headline gb-headline-999f969b gb-headline-text\">[1]: C\u00f6lfen, H., Laue, T.M., Wohlleben, W., Schilling, K., Karabudak, E., Langhors,t B.W., Brookes, E., Dubbs, B., Zollars, D., Rocco, M., Demeler, B. The Open AUC Project. <em>Eur. Biophys. J.<\/em> 2010, 39, 347\u2013359.<\/p>\n\n\n<div class=\"gb-container gb-container-1bc18844\"><div class=\"gb-inside-container\">\n<div class=\"gb-grid-wrapper gb-grid-wrapper-d956bde1\">\n<div class=\"gb-grid-column gb-grid-column-dc9229fd\"><div class=\"gb-container gb-container-dc9229fd\"><div class=\"gb-inside-container\">\n<div class=\"wp-block-image\">\n<figure class=\"aligncenter size-full\"><img loading=\"lazy\" decoding=\"async\" width=\"150\" height=\"200\" src=\"https:\/\/www.nanolytics.com\/wp-content\/uploads\/Prof-Helmut-Coelfen.jpg\" alt=\"Prof. Helmut Coelfen\" class=\"wp-image-893\"\/><\/figure>\n<\/div>\n<\/div><\/div><\/div>\n\n<div class=\"gb-grid-column gb-grid-column-c4ef3980\"><div class=\"gb-container gb-container-c4ef3980\"><div class=\"gb-inside-container\">\n\n<p class=\"gb-headline gb-headline-4df0bf2a gb-headline-text\"><strong>Helmut C\u00f6lfen<\/strong><br>Professor f\u00fcr Physikalische Chemie<\/p>\n\n\n\n<p class=\"gb-headline gb-headline-e762b95e gb-headline-text\">Fachbereich Chemie<br>Universit\u00e4t Konstanz<br>D-78457 Konstanz, Germany<\/p>\n\n<\/div><\/div><\/div>\n<\/div>\n\n\n<p class=\"gb-headline gb-headline-8fe621bd gb-headline-text\">Helmut C\u00f6lfen geh\u00f6rte 24 Jahre lang unserem wissenschaftlichen Beirat an, bis er im November 2023 verstarb.<\/p>\n\n\n\n<p>Wir sind dankbar f\u00fcr 24 Jahre der Unterst\u00fctzung, des Rates, der Inspiration. Helmut trug nicht nur mit seinem Wissen und seiner Erfahrung bei zahllosen Gelegenheiten zum Erfolg unseres Unternehmens bei &#8211; er regte auch die Entwicklung neuartiger Detektoren an, \u00fcber den Stand der Technik hinaus. In gemeinsamen Projekten entwickelten und optimierten wir diese Systeme, was letztendlich zur Gr\u00fcndung einer neuen<br>Gesellschaft f\u00fchrte &#8211; der Nanolytics Instruments, die 2015 gegr\u00fcndet wurde.<\/p>\n\n\n\n<p>Helmut war ein Ausnahmewissenschaftler, gelistet von Thomson Reuters unter den 100 Top-Chemikern der Welt in den Jahren 2000-2010. Seine Publikationsbilanz ist herausragend, mit \u00fcber 450 Ver\u00f6ffentlichungen und einem h-Index von 98. Zudem war er als Reviewer f\u00fcr 340 Journals, darunter diejenigen der Nature-Gruppe, Science, PNAS, JACS, Angewandte Chemie usw. sowie f\u00fcr 40 F\u00f6rderorganisationen. Er wurde mit mehr als 15 Auszeichnungen geehrt.<\/p>\n\n\n\n<p>Helmut war bescheiden im Wesen, unkonventionell in der Erscheinung, optimistisch von Natur aus. Seine Hingabe galt der Wissenschaft und seiner Familie.<\/p>\n\n\n\n<p>Wir sehen Helmuts Verm\u00e4chtnis im Streben nach der besten Technologie f\u00fcr Analytische Ultrazentrifugen, dem wir weiter nachgehen werden. Wir bewahren Helmut alle Zeit ein ehrendes Andenken.<\/p>\n\n<\/div><\/div>\n\n<div class=\"gb-container gb-container-e0897a3a\"><div class=\"gb-inside-container\">\n<div class=\"gb-grid-wrapper gb-grid-wrapper-160c8160\">\n<div class=\"gb-grid-column gb-grid-column-7c3090f5\"><div class=\"gb-container gb-container-7c3090f5\"><div class=\"gb-inside-container\">\n<div class=\"wp-block-image\">\n<figure class=\"aligncenter size-full\"><img loading=\"lazy\" decoding=\"async\" width=\"150\" height=\"200\" src=\"https:\/\/www.nanolytics.com\/wp-content\/uploads\/Prof-Borries-Demeler.jpg\" alt=\"Prof. Borries Demeler\" class=\"wp-image-892\"\/><\/figure>\n<\/div>\n<\/div><\/div><\/div>\n\n<div class=\"gb-grid-column gb-grid-column-0b9f7765\"><div class=\"gb-container gb-container-0b9f7765\"><div class=\"gb-inside-container\">\n\n<p class=\"gb-headline gb-headline-7a1a86fa gb-headline-text\"><strong><strong>Borries Demeler<\/strong><br><\/strong>Professor, Fachbereich Chemie und Biochemie<br>Canada 150 Forschungslehrstuhl f\u00fcr Biophysik<br>Director, Kanadisches Zentrum f\u00fcr Hydrodynamik<\/p>\n\n\n\n<p class=\"gb-headline gb-headline-f09bde58 gb-headline-text\">The University of Lethbridge<br>Department of Chemistry and Biochemistry<br>Webseite: <a href=\"https:\/\/www.demeler.uleth.ca\" target=\"_blank\" rel=\"noopener\">www.demeler.uleth.ca<\/a><\/p>\n\n<\/div><\/div><\/div>\n<\/div>\n\n\n<p class=\"gb-headline gb-headline-5f44ceb1 gb-headline-text\">Borries Demeler ist Autor von rund 200 Ver\u00f6ffentlichungen.<br>Sein Hauptprojekt ist die Entwicklung des UltraScan-Softwarepakets zur Datenanalyse (www.ultrascan.uthscsa.edu). Diese Software wird f\u00fcr die Modellierung der hydrodynamischen und thermodynamischen Eigenschaften von biologischen und synthetischen Makromolek\u00fclen sowie der Wechselwirkungen und thermodynamischen Merkmale von Makromolek\u00fcl-\u00dcberstrukturen verwendet. Zu den Forschungsbereichen geh\u00f6ren fortgeschrittene numerische Analysen, Optimierung, Hochleistungsnetzwerke und Cluster-Computing. Gegenw\u00e4rtig liegt der Schwerpunkt auf der Entwicklung von Software f\u00fcr die Auswertung von Experimenten zur Messung der Sedimentationsgeschwindigkeit bei mehreren Wellenl\u00e4ngen und auf der spektralen Zerlegung von analytischen Ultrazentrifugationsexperimenten.<\/p>\n\n<\/div><\/div>\n\n<div class=\"gb-container gb-container-e3edcd40\"><div class=\"gb-inside-container\">\n<div class=\"gb-grid-wrapper gb-grid-wrapper-c35604d6\">\n<div class=\"gb-grid-column gb-grid-column-af200266\"><div class=\"gb-container gb-container-af200266\"><div class=\"gb-inside-container\">\n<div class=\"wp-block-image\">\n<figure class=\"aligncenter size-full\"><img loading=\"lazy\" decoding=\"async\" width=\"150\" height=\"200\" src=\"https:\/\/www.nanolytics.com\/wp-content\/uploads\/Prof-Thomas-Laue.jpg\" alt=\"Prof. Thomas Laue\" class=\"wp-image-894\"\/><\/figure>\n<\/div>\n<\/div><\/div><\/div>\n\n<div class=\"gb-grid-column gb-grid-column-9e4d8eb7\"><div class=\"gb-container gb-container-9e4d8eb7\"><div class=\"gb-inside-container\">\n\n<p class=\"gb-headline gb-headline-6b6071ee gb-headline-text\"><strong><strong><strong>Thomas M. Laue<\/strong><\/strong><br><\/strong>Professor Emeritus of the Department of Molecular, Cellular and Biomedical Science<\/p>\n\n\n\n<p class=\"gb-headline gb-headline-5412bda8 gb-headline-text\">Director of the Center to Advance Molecular Interaction Science (CAMIS)<br>Director of the Biomolecular Interaction Technologies Center<\/p>\n\n\n\n<p class=\"gb-headline gb-headline-ccc041f9 gb-headline-text\">Department of Biochemistry and Molecular Biology,<br>University of New Hampshire<br>Durham, NH 03824, USA<br>Webseite: <a href=\"https:\/\/www.researchgate.net\/profile\/Tom_Laue\" target=\"_blank\" rel=\"noreferrer noopener\">www.researchgate.net\/profile\/Tom_Laue<\/a><\/p>\n\n<\/div><\/div><\/div>\n<\/div>\n\n\n<p class=\"gb-headline gb-headline-a8af2b71 gb-headline-text\">Tom Laue ist Autor von mehr als 100 Ver\u00f6ffentlichungen.<br>Die Forschung in Laues Labor ist auf die Entwicklung direkter physikalischer Methoden zur Bestimmung der Eigenschaften von Makromolek\u00fclen ausgerichtet, darunter Masse, Ladung, Gr\u00f6\u00dfe, Form und L\u00f6slichkeit sowie der Aggregatzustand und das Ausma\u00df der Ligandenbindung.<\/p>\n\n\n\n<p class=\"gb-headline gb-headline-e96c44e9 gb-headline-text\">Neben den optischen Standardmethoden hat sein Labor neuartige Messger\u00e4te f\u00fcr die Sedimentationsanalyse entwickelt, insbesondere einen effizienten Interferenzdetektor (der in die Beckman Coulter XLI-Zentrifuge eingebaut wurde) und ein Fluoreszenzdetektionssystem (FDS, damals erh\u00e4ltlich als Zusatzger\u00e4t eines Drittanbieters), sowie f\u00fcr die Ladungsanalyse (Kapillarelektrophorese, membranbegrenzte analytische Elektrophorese, MCE). Diese Methoden werden auf ein breites Spektrum makromolekularer Wechselwirkungen angewandt, u. a. auf die Blutgerinnung, die Regulierung der DNA-Transkription, die Integration viraler DNA und die Gelbildung.<\/p>\n\n<\/div><\/div>","protected":false},"excerpt":{"rendered":"<p>Nanolytics sch\u00e4tzt sich gl\u00fccklich, einen wissenschaftlichen Beirat gegr\u00fcndet zu haben, dessen Mitglieder drei der f\u00fchrenden Experten auf dem Gebiet der Analytischen Ultrazentrifugation (AUZ) und ihrer verschiedenen Anwendungen sind. Ziel des Beirats ist es, den Stand der wissenschaftlichen und technologischen Entwicklungen in der Analytischen Ultrazentrifugation, die nach wie vor haupts\u00e4chlich von den Anwendern getragen werden, kritisch &#8230; <a title=\"Beirat\" class=\"read-more\" href=\"https:\/\/www.nanolytics.com\/de\/ueber\/wissenschaftlicher-beirat\/\" aria-label=\"Mehr Informationen \u00fcber Beirat\">Weiterlesen<\/a><\/p>\n","protected":false},"author":1,"featured_media":0,"parent":1370,"menu_order":3,"comment_status":"closed","ping_status":"closed","template":"","meta":{"footnotes":""},"class_list":["post-1393","page","type-page","status-publish"],"_links":{"self":[{"href":"https:\/\/www.nanolytics.com\/de\/wp-json\/wp\/v2\/pages\/1393","targetHints":{"allow":["GET"]}}],"collection":[{"href":"https:\/\/www.nanolytics.com\/de\/wp-json\/wp\/v2\/pages"}],"about":[{"href":"https:\/\/www.nanolytics.com\/de\/wp-json\/wp\/v2\/types\/page"}],"author":[{"embeddable":true,"href":"https:\/\/www.nanolytics.com\/de\/wp-json\/wp\/v2\/users\/1"}],"replies":[{"embeddable":true,"href":"https:\/\/www.nanolytics.com\/de\/wp-json\/wp\/v2\/comments?post=1393"}],"version-history":[{"count":12,"href":"https:\/\/www.nanolytics.com\/de\/wp-json\/wp\/v2\/pages\/1393\/revisions"}],"predecessor-version":[{"id":2359,"href":"https:\/\/www.nanolytics.com\/de\/wp-json\/wp\/v2\/pages\/1393\/revisions\/2359"}],"up":[{"embeddable":true,"href":"https:\/\/www.nanolytics.com\/de\/wp-json\/wp\/v2\/pages\/1370"}],"wp:attachment":[{"href":"https:\/\/www.nanolytics.com\/de\/wp-json\/wp\/v2\/media?parent=1393"}],"curies":[{"name":"wp","href":"https:\/\/api.w.org\/{rel}","templated":true}]}}